{"id":634,"date":"2025-02-24T05:57:56","date_gmt":"2025-02-24T05:57:56","guid":{"rendered":"https:\/\/guidingstarwakotacenter.org\/opciones\/aborto\/"},"modified":"2025-10-20T15:27:01","modified_gmt":"2025-10-20T15:27:01","slug":"aborto","status":"publish","type":"page","link":"https:\/\/guidingstarwakotacenter.org\/es\/opciones\/aborto\/","title":{"rendered":"Aborto"},"content":{"rendered":"<h1>Qu\u00e9 debe saber sobre el aborto<\/h1>\n<p>Si est\u00e1 considerando la posibilidad de abortar debido a un embarazo no planificado, es fundamental que primero conozca los hechos. Nos alegra que est\u00e9 investigando. Como cualquier procedimiento m\u00e9dico, el aborto tiene riesgos. Los expertos aconsejan hablar antes con un profesional sanitario sobre las limitaciones, como su medicaci\u00f3n actual, sus problemas de salud y la edad gestacional de su embarazo.<\/p>\n<p>Aunque no realizamos abortos no referimos a centros de aborto, le ayudaremos a obtener la informaci\u00f3n que necesita.<\/p>\n<h2>Inf\u00f3rmese: aborto m\u00e9dico y quir\u00fargico<\/h2>\n<p>Existen dos tipos de aborto. El n\u00famero de semanas de embarazo suele determinar el procedimiento para el que cumple los requisitos. El aborto m\u00e9dico tambi\u00e9n se denomina aborto con medicamentos o aborto qu\u00edmico. Puede que lo conozca como la p\u00edldora del aborto. Este tipo de aborto utiliza f\u00e1rmacos potentes para interrumpir un embarazo.<\/p>\n<p>Los procedimientos quir\u00fargicos var\u00edan en funci\u00f3n de la edad gestacional de su embarazo. Gestacional se refiere a lo avanzado que est\u00e1 su embarazo. Echemos un vistazo m\u00e1s de cerca a ambos.<\/p>\n<h3>Aborto m\u00e9dico (la p\u00edldora del aborto)<\/h3>\n<p>Se toman dos f\u00e1rmacos al utilizar el m\u00e9todo de la p\u00edldora del aborto. El primer f\u00e1rmaco es la <a href=\"https:\/\/www.fda.gov\/drugs\/postmarket-drug-safety-information-patients-and-providers\/information-about-mifepristone-medical-termination-pregnancy-through-ten-weeks-gestation\" target=\"_blank\" rel=\"noopener external noreferrer\" data-wpel-link=\"external\">mifepristona<\/a>. Bloquea una hormona vital llamada progesterona. Todo embarazo necesita progesterona para desarrollarse. Sin ella, el embarazo termina.<\/p>\n<p>La <a href=\"https:\/\/www.mayoclinic.org\/drugs-supplements\/misoprostol-oral-route\/description\/drg-20064805#:~:text=This%20medicine%20may%20cause,misoprostol%20you%20are%20taking.\" target=\"_blank\" rel=\"noopener external noreferrer\" data-wpel-link=\"external\">misoprostol<\/a> es el segundo f\u00e1rmaco. Provoca sangrado vaginal y contracciones para expulsar el embarazo de su cuerpo. Las mujeres experimentan un aborto m\u00e9dico de forma diferente. Para algunas, las contracciones son similares a los fuertes c\u00f3licos menstruales. Para otras, describen el dolor como \u00ab<a href=\"https:\/\/pmc.ncbi.nlm.nih.gov\/articles\/PMC10082597\/\" target=\"_blank\" rel=\"noopener external noreferrer\" data-wpel-link=\"external\">de otro mundo<\/a>\u00ab.<\/p>\n<p>La FDA regula estrictamente la mifepristona. Solo los proveedores certificados pueden recetarla. Han aprobado el uso de estos f\u00e1rmacos solo hasta las 10 semanas de embarazo. Los f\u00e1rmacos son menos eficaces cuanto m\u00e1s avanzado est\u00e9 el embarazo.<\/p>\n<p>Dado que usted misma realiza un aborto m\u00e9dico, es fundamental conocer los efectos secundarios y los posibles peligros. Preg\u00fantenos qu\u00e9 puede esperar y c\u00f3mo saber si necesita buscar atenci\u00f3n de emergencia.<\/p>\n<h3>Aborto quir\u00fargico<\/h3>\n<p>Si su embarazo est\u00e1 en el primer trimestre (13 semanas o menos), los proveedores de abortos pueden utilizar la aspiraci\u00f3n por vac\u00edo o succi\u00f3n. Si su embarazo est\u00e1 m\u00e1s avanzado, es posible que el proveedor de abortos deba realizar una dilataci\u00f3n y curetaje (<a href=\"https:\/\/www.mayoclinic.org\/tests-procedures\/dilation-and-curettage\/about\/pac-20384910\" target=\"_blank\" rel=\"noopener external noreferrer\" data-wpel-link=\"external\">D&amp;C<\/a>). Este procedimiento utiliza succi\u00f3n y un instrumento quir\u00fargico llamado cureta (una herramienta de raspado en forma de cuchara).<\/p>\n<p>Un embarazo m\u00e1s avanzado requiere una dilataci\u00f3n y evacuaci\u00f3n (<a href=\"https:\/\/pmc.ncbi.nlm.nih.gov\/articles\/PMC9148646\/\" target=\"_blank\" rel=\"noopener external noreferrer\" data-wpel-link=\"external\">D&amp;E<\/a>), que utiliza f\u00f3rceps para extraer partes m\u00e1s grandes del embarazo. Su experiencia puede variar en funci\u00f3n del n\u00famero de semanas de embarazo, el centro y la persona que realiza el aborto.<\/p>\n<p>Dependiendo de lo avanzado que est\u00e9 su embarazo, es posible que el proveedor de abortos deba dilatar (abrir) su cuello uterino. Tambi\u00e9n pueden recomendarle anestesia local o general para el dolor.<\/p>\n<h2>Proteja su salud<\/h2>\n<p>Todos los abortos tienen el potencial de causar impactos f\u00edsicos y emocionales. Algunos de los <a href=\"https:\/\/www.mayoclinic.org\/tests-procedures\/medical-abortion\/about\/pac-20394687\" target=\"_blank\" rel=\"noopener external noreferrer\" data-wpel-link=\"external\">riesgos<\/a> f\u00edsicos incluyen sangrado abundante y prolongado, infecci\u00f3n y la posibilidad de un aborto incompleto.<\/p>\n<p>Algunos <a href=\"https:\/\/pmc.ncbi.nlm.nih.gov\/articles\/PMC6207970\/\" target=\"_blank\" rel=\"noopener external noreferrer\" data-wpel-link=\"external\">estudios<\/a> tambi\u00e9n han indicado una posible conexi\u00f3n entre los problemas de salud mental y el aborto. Algunas mujeres informan de que sienten una sensaci\u00f3n de p\u00e9rdida, tristeza y dolor.<\/p>\n<p>Proteja su salud y bienestar haci\u00e9ndose una <a href=\"https:\/\/guidingstarwakotacenter.org\/es\/servicios\/ecografias\/\" data-wpel-link=\"internal\">ecograf\u00eda<\/a> para saber lo m\u00e1ximo posible sobre su embarazo. Podemos ayudarle a responder a sus preguntas y a hablar de sus preocupaciones en su cita. Programe una <a href=\"https:\/\/guidingstarwakotacenter.org\/es\/contactenos\/\" data-wpel-link=\"internal\">cita<\/a> para conocer los hechos y tener tranquilidad.<\/p>\n<p><em>Guiding Star Wakota no realiza abortos y no referimos a centros de aborto.<\/em><\/p>\n","protected":false},"excerpt":{"rendered":"<p>El aborto es una decisi\u00f3n m\u00e9dica importante que puede acarrear consecuencias tanto f\u00edsicas como emocionales. Inf\u00f3rmese sobre los procedimientos, los efectos secundarios que puede esperar y los posibles riesgos. Le daremos la informaci\u00f3n de base m\u00e9dica que necesita.  <\/p>\n","protected":false},"author":1,"featured_media":0,"parent":626,"menu_order":1,"comment_status":"closed","ping_status":"closed","template":"","meta":{"_acf_changed":false,"footnotes":""},"class_list":["post-634","page","type-page","status-publish","hentry"],"acf":[],"yoast_head":"<!-- This site is optimized with the Yoast SEO plugin v27.4 - https:\/\/yoast.com\/product\/yoast-seo-wordpress\/ -->\n<title>Aborto - Guiding Star Wakota \u2014 Pregnancy &amp; Family Resources<\/title>\n<meta name=\"robots\" content=\"index, follow, max-snippet:-1, max-image-preview:large, max-video-preview:-1\" \/>\n<link rel=\"canonical\" href=\"https:\/\/guidingstarwakotacenter.org\/es\/opciones\/aborto\/\" \/>\n<meta property=\"og:locale\" content=\"es_ES\" \/>\n<meta property=\"og:type\" content=\"article\" \/>\n<meta property=\"og:title\" content=\"Aborto - Guiding Star Wakota \u2014 Pregnancy &amp; Family Resources\" \/>\n<meta property=\"og:description\" content=\"El aborto es una decisi\u00f3n m\u00e9dica importante que puede acarrear consecuencias tanto f\u00edsicas como emocionales. Inf\u00f3rmese sobre los procedimientos, los efectos secundarios que puede esperar y los posibles riesgos. Le daremos la informaci\u00f3n de base m\u00e9dica que necesita.\" \/>\n<meta property=\"og:url\" content=\"https:\/\/guidingstarwakotacenter.org\/es\/opciones\/aborto\/\" \/>\n<meta property=\"og:site_name\" content=\"Guiding Star Wakota \u2014 Pregnancy &amp; Family Resources\" \/>\n<meta property=\"article:modified_time\" content=\"2025-10-20T15:27:01+00:00\" \/>\n<meta name=\"twitter:card\" content=\"summary_large_image\" \/>\n<meta name=\"twitter:label1\" content=\"Tiempo de lectura\" \/>\n\t<meta name=\"twitter:data1\" content=\"3 minutos\" \/>\n<!-- \/ Yoast SEO plugin. -->","yoast_head_json":{"title":"Aborto - Guiding Star Wakota \u2014 Pregnancy & Family Resources","robots":{"index":"index","follow":"follow","max-snippet":"max-snippet:-1","max-image-preview":"max-image-preview:large","max-video-preview":"max-video-preview:-1"},"canonical":"https:\/\/guidingstarwakotacenter.org\/es\/opciones\/aborto\/","og_locale":"es_ES","og_type":"article","og_title":"Aborto - Guiding Star Wakota \u2014 Pregnancy & Family Resources","og_description":"El aborto es una decisi\u00f3n m\u00e9dica importante que puede acarrear consecuencias tanto f\u00edsicas como emocionales. Inf\u00f3rmese sobre los procedimientos, los efectos secundarios que puede esperar y los posibles riesgos. Le daremos la informaci\u00f3n de base m\u00e9dica que necesita.","og_url":"https:\/\/guidingstarwakotacenter.org\/es\/opciones\/aborto\/","og_site_name":"Guiding Star Wakota \u2014 Pregnancy & Family Resources","article_modified_time":"2025-10-20T15:27:01+00:00","twitter_card":"summary_large_image","twitter_misc":{"Tiempo de lectura":"3 minutos"},"schema":{"@context":"https:\/\/schema.org","@graph":[{"@type":"WebPage","@id":"https:\/\/guidingstarwakotacenter.org\/es\/opciones\/aborto\/","url":"https:\/\/guidingstarwakotacenter.org\/es\/opciones\/aborto\/","name":"Aborto - Guiding Star Wakota \u2014 Pregnancy & Family Resources","isPartOf":{"@id":"https:\/\/guidingstarwakotacenter.org\/es\/#website"},"datePublished":"2025-02-24T05:57:56+00:00","dateModified":"2025-10-20T15:27:01+00:00","breadcrumb":{"@id":"https:\/\/guidingstarwakotacenter.org\/es\/opciones\/aborto\/#breadcrumb"},"inLanguage":"es","potentialAction":[{"@type":"ReadAction","target":["https:\/\/guidingstarwakotacenter.org\/es\/opciones\/aborto\/"]}]},{"@type":"BreadcrumbList","@id":"https:\/\/guidingstarwakotacenter.org\/es\/opciones\/aborto\/#breadcrumb","itemListElement":[{"@type":"ListItem","position":1,"name":"Home","item":"https:\/\/guidingstarwakotacenter.org\/es\/"},{"@type":"ListItem","position":2,"name":"Opciones","item":"https:\/\/guidingstarwakotacenter.org\/es\/opciones\/"},{"@type":"ListItem","position":3,"name":"Aborto"}]},{"@type":"WebSite","@id":"https:\/\/guidingstarwakotacenter.org\/es\/#website","url":"https:\/\/guidingstarwakotacenter.org\/es\/","name":"Guiding Star Wakota \u2014 Pregnancy & Family Resources","description":"","potentialAction":[{"@type":"SearchAction","target":{"@type":"EntryPoint","urlTemplate":"https:\/\/guidingstarwakotacenter.org\/es\/?s={search_term_string}"},"query-input":{"@type":"PropertyValueSpecification","valueRequired":true,"valueName":"search_term_string"}}],"inLanguage":"es"}]}},"_links":{"self":[{"href":"https:\/\/guidingstarwakotacenter.org\/es\/wp-json\/wp\/v2\/pages\/634","targetHints":{"allow":["GET"]}}],"collection":[{"href":"https:\/\/guidingstarwakotacenter.org\/es\/wp-json\/wp\/v2\/pages"}],"about":[{"href":"https:\/\/guidingstarwakotacenter.org\/es\/wp-json\/wp\/v2\/types\/page"}],"author":[{"embeddable":true,"href":"https:\/\/guidingstarwakotacenter.org\/es\/wp-json\/wp\/v2\/users\/1"}],"replies":[{"embeddable":true,"href":"https:\/\/guidingstarwakotacenter.org\/es\/wp-json\/wp\/v2\/comments?post=634"}],"version-history":[{"count":3,"href":"https:\/\/guidingstarwakotacenter.org\/es\/wp-json\/wp\/v2\/pages\/634\/revisions"}],"predecessor-version":[{"id":724,"href":"https:\/\/guidingstarwakotacenter.org\/es\/wp-json\/wp\/v2\/pages\/634\/revisions\/724"}],"up":[{"embeddable":true,"href":"https:\/\/guidingstarwakotacenter.org\/es\/wp-json\/wp\/v2\/pages\/626"}],"wp:attachment":[{"href":"https:\/\/guidingstarwakotacenter.org\/es\/wp-json\/wp\/v2\/media?parent=634"}],"curies":[{"name":"wp","href":"https:\/\/api.w.org\/{rel}","templated":true}]}}