{"id":593,"date":"2025-02-24T06:00:01","date_gmt":"2025-02-24T06:00:01","guid":{"rendered":"https:\/\/guidingstarwakotacenter.org\/ecografias\/"},"modified":"2025-09-29T11:06:00","modified_gmt":"2025-09-29T11:06:00","slug":"ecografias","status":"publish","type":"page","link":"https:\/\/guidingstarwakotacenter.org\/es\/servicios\/ecografias\/","title":{"rendered":"Ecograf\u00edas"},"content":{"rendered":"<h1>\u00bfPor qu\u00e9 son importantes las ecograf\u00edas?<\/h1>\n<p>Independientemente de su situaci\u00f3n, es importante contar con informaci\u00f3n clara y precisa al considerar su pr\u00f3ximo paso. Le sorprender\u00e1 saber que un retraso en el per\u00edodo y una prueba de embarazo positiva pueden no ser informaci\u00f3n suficiente para determinar si est\u00e1 embarazada. Su pr\u00f3ximo paso es una ecograf\u00eda obst\u00e9trica limitada, gratuita y confidencial, de Guiding Star Wakota.  <\/p>\n<h2>\u00bfQu\u00e9 es una ecograf\u00eda?<\/h2>\n<p><a href=\"https:\/\/my.clevelandclinic.org\/health\/diagnostics\/9704-ultrasound-in-pregnancy\" target=\"_blank\" rel=\"noopener external noreferrer\" data-wpel-link=\"external\">La ecograf\u00eda<\/a> tambi\u00e9n se denomina sonograf\u00eda. Utiliza ondas sonoras de alta frecuencia para crear im\u00e1genes en tiempo real de su \u00fatero. Existen dos tipos de ecograf\u00eda: abdominal y transvaginal. Guiding Star Wakota ofrece ambas.   <\/p>\n<p>Nuestro ecografista puede realizar una ecograf\u00eda abdominal, capturando im\u00e1genes desde fuera de su cuerpo. Por lo general, el embarazo se puede verificar tan pronto como a las seis semanas desde el primer d\u00eda de su \u00faltimo per\u00edodo. <\/p>\n<p>Si se encuentra en las primeras etapas de su embarazo, nuestro ecografista puede proporcionarle una ecograf\u00eda transvaginal. Se coloca un transductor (un instrumento similar a una varita) en su vagina. Las im\u00e1genes de una ecograf\u00eda transvaginal a menudo pueden confirmar un embarazo m\u00e1s temprano. Las ecograf\u00edas transvaginales generalmente no se consideran dolorosas.   <\/p>\n<h2>Confirmaci\u00f3n de detalles esenciales<\/h2>\n<p>Una ecograf\u00eda responde a tres preguntas fundamentales:<\/p>\n<h3>\u00bfEs viable mi embarazo?<\/h3>\n<p>Los expertos estiman que <a href=\"https:\/\/www.ncbi.nlm.nih.gov\/books\/NBK532992\/#:~:text=It%20is%20estimated%20that%20as%20many%20as%C2%A026%25%20of%20all%20pregnancies%20end%20in%20miscarriage%20and%20up%20to%2010%25%20of%20clinically%20recognized%20pregnancies.\" target=\"_blank\" rel=\"noopener external noreferrer\" data-wpel-link=\"external\">el 26% de todos los embarazos<\/a> terminan en un aborto espont\u00e1neo natural. \u00a1Eso es m\u00e1s de uno de cada cuatro embarazos! La mayor\u00eda de los abortos espont\u00e1neos ocurren dentro de las primeras 12 semanas de embarazo. Debido a que el cuerpo de una mujer tarda en volver a <a href=\"https:\/\/health.clevelandclinic.org\/false-positive-pregnancy-test#:~:text=After%20childbirth%2C%20miscarriage%20or%20treatment%20for%20ectopic%20pregnancy%2C%20the%20hormone%20can%20remain%20in%20your%20body%20for%20up%20to%20four%20to%20six%20weeks%2C%20Dr.%20Emery%20says.%20%E2%80%9CThat%20could%20lead%20to%20a%20positive%20pregnancy%20test%20when%20your%20body%20just%20hasn%E2%80%99t%20cleared%20the%20hCG%20yet.%E2%80%9D\" target=\"_blank\" rel=\"noopener external noreferrer\" data-wpel-link=\"external\">los niveles hormonales previos al embarazo<\/a>, es posible obtener una prueba de embarazo positiva d\u00edas o incluso semanas despu\u00e9s de un aborto espont\u00e1neo. Si la ecograf\u00eda detecta un latido card\u00edaco, su embarazo se est\u00e1 desarrollando.    <\/p>\n<h3>\u00bfDe cu\u00e1ntas semanas estoy?<\/h3>\n<p>Muchas mujeres se sorprenden al saber que el c\u00e1lculo de su embarazo es completamente incorrecto. \u00bfPor qu\u00e9 es esto importante? Si est\u00e1 considerando un aborto, la <a href=\"https:\/\/www.fda.gov\/drugs\/postmarket-drug-safety-information-patients-and-providers\/information-about-mifepristone-medical-termination-pregnancy-through-ten-weeks-gestation\" target=\"_blank\" rel=\"noopener external noreferrer\" data-wpel-link=\"external\">FDA<\/a> aprueba el uso de los medicamentos para el aborto solo hasta las 10 semanas de embarazo. Cuanto m\u00e1s avanzado est\u00e9, menos efectivos ser\u00e1n los medicamentos.   <\/p>\n<h3>\u00bfD\u00f3nde se encuentra el embarazo?<\/h3>\n<p>Aunque es poco com\u00fan, algunos embarazos se forman fuera del \u00fatero. Esto se conoce como <a href=\"https:\/\/my.clevelandclinic.org\/health\/diseases\/9687-ectopic-pregnancy\" target=\"_blank\" rel=\"noopener external noreferrer\" data-wpel-link=\"external\">embarazo ect\u00f3pico<\/a>. Un embarazo viable solo puede desarrollarse en el \u00fatero. Un embarazo ect\u00f3pico es peligroso, incluso potencialmente mortal. Los medicamentos abortivos no interrumpen un embarazo ect\u00f3pico.    <\/p>\n<h2>D\u00e9 los siguientes pasos<\/h2>\n<p>Queremos que tenga toda la informaci\u00f3n posible. Proteja su salud y seguridad solicitando una ecograf\u00eda obst\u00e9trica limitada, gratuita y confidencial en Guiding Star Wakota. Realizamos ecograf\u00edas durante el primer trimestre (12 semanas). Incluso si ha obtenido un resultado positivo en una prueba de embarazo casera, <a href=\"https:\/\/guidingstarwakotacenter.org\/es\/contactenos\/\" data-wpel-link=\"internal\">programe una cita<\/a> para confirmar su embarazo.   <\/p>\n<p>Merece tener la mayor cantidad de informaci\u00f3n posible. Deje que Guiding Star Wakota se la proporcione. <\/p>\n","protected":false},"excerpt":{"rendered":"<p>Aunque su prueba de embarazo haya sido positiva, existe la posibilidad de que ya no est\u00e9 embarazada. Una ecograf\u00eda proporciona informaci\u00f3n valiosa, como si est\u00e1 o no embarazada, de cu\u00e1ntas semanas est\u00e1 y si est\u00e1 ubicado correctamente. <\/p>\n","protected":false},"author":1,"featured_media":0,"parent":628,"menu_order":2,"comment_status":"closed","ping_status":"closed","template":"","meta":{"_acf_changed":false,"footnotes":""},"class_list":["post-593","page","type-page","status-publish","hentry"],"acf":[],"yoast_head":"<!-- This site is optimized with the Yoast SEO plugin v27.5 - https:\/\/yoast.com\/product\/yoast-seo-wordpress\/ -->\n<title>Ecograf\u00edas - Guiding Star Wakota \u2014 Pregnancy &amp; Family Resources<\/title>\n<meta name=\"robots\" content=\"index, follow, max-snippet:-1, max-image-preview:large, max-video-preview:-1\" \/>\n<link rel=\"canonical\" href=\"https:\/\/guidingstarwakotacenter.org\/es\/servicios\/ecografias\/\" \/>\n<meta property=\"og:locale\" content=\"es_ES\" \/>\n<meta property=\"og:type\" content=\"article\" \/>\n<meta property=\"og:title\" content=\"Ecograf\u00edas - Guiding Star Wakota \u2014 Pregnancy &amp; Family Resources\" \/>\n<meta property=\"og:description\" content=\"Aunque su prueba de embarazo haya sido positiva, existe la posibilidad de que ya no est\u00e9 embarazada. Una ecograf\u00eda proporciona informaci\u00f3n valiosa, como si est\u00e1 o no embarazada, de cu\u00e1ntas semanas est\u00e1 y si est\u00e1 ubicado correctamente.\" \/>\n<meta property=\"og:url\" content=\"https:\/\/guidingstarwakotacenter.org\/es\/servicios\/ecografias\/\" \/>\n<meta property=\"og:site_name\" content=\"Guiding Star Wakota \u2014 Pregnancy &amp; Family Resources\" \/>\n<meta property=\"article:modified_time\" content=\"2025-09-29T11:06:00+00:00\" \/>\n<meta name=\"twitter:card\" content=\"summary_large_image\" \/>\n<meta name=\"twitter:label1\" content=\"Tiempo de lectura\" \/>\n\t<meta name=\"twitter:data1\" content=\"3 minutos\" \/>\n<!-- \/ Yoast SEO plugin. -->","yoast_head_json":{"title":"Ecograf\u00edas - Guiding Star Wakota \u2014 Pregnancy & Family Resources","robots":{"index":"index","follow":"follow","max-snippet":"max-snippet:-1","max-image-preview":"max-image-preview:large","max-video-preview":"max-video-preview:-1"},"canonical":"https:\/\/guidingstarwakotacenter.org\/es\/servicios\/ecografias\/","og_locale":"es_ES","og_type":"article","og_title":"Ecograf\u00edas - Guiding Star Wakota \u2014 Pregnancy & Family Resources","og_description":"Aunque su prueba de embarazo haya sido positiva, existe la posibilidad de que ya no est\u00e9 embarazada. Una ecograf\u00eda proporciona informaci\u00f3n valiosa, como si est\u00e1 o no embarazada, de cu\u00e1ntas semanas est\u00e1 y si est\u00e1 ubicado correctamente.","og_url":"https:\/\/guidingstarwakotacenter.org\/es\/servicios\/ecografias\/","og_site_name":"Guiding Star Wakota \u2014 Pregnancy & Family Resources","article_modified_time":"2025-09-29T11:06:00+00:00","twitter_card":"summary_large_image","twitter_misc":{"Tiempo de lectura":"3 minutos"},"schema":{"@context":"https:\/\/schema.org","@graph":[{"@type":"WebPage","@id":"https:\/\/guidingstarwakotacenter.org\/es\/servicios\/ecografias\/","url":"https:\/\/guidingstarwakotacenter.org\/es\/servicios\/ecografias\/","name":"Ecograf\u00edas - Guiding Star Wakota \u2014 Pregnancy & Family Resources","isPartOf":{"@id":"https:\/\/guidingstarwakotacenter.org\/es\/#website"},"datePublished":"2025-02-24T06:00:01+00:00","dateModified":"2025-09-29T11:06:00+00:00","breadcrumb":{"@id":"https:\/\/guidingstarwakotacenter.org\/es\/servicios\/ecografias\/#breadcrumb"},"inLanguage":"es","potentialAction":[{"@type":"ReadAction","target":["https:\/\/guidingstarwakotacenter.org\/es\/servicios\/ecografias\/"]}]},{"@type":"BreadcrumbList","@id":"https:\/\/guidingstarwakotacenter.org\/es\/servicios\/ecografias\/#breadcrumb","itemListElement":[{"@type":"ListItem","position":1,"name":"Home","item":"https:\/\/guidingstarwakotacenter.org\/es\/"},{"@type":"ListItem","position":2,"name":"Servicios","item":"https:\/\/guidingstarwakotacenter.org\/es\/servicios\/"},{"@type":"ListItem","position":3,"name":"Ecograf\u00edas"}]},{"@type":"WebSite","@id":"https:\/\/guidingstarwakotacenter.org\/es\/#website","url":"https:\/\/guidingstarwakotacenter.org\/es\/","name":"Guiding Star Wakota \u2014 Pregnancy & Family Resources","description":"","potentialAction":[{"@type":"SearchAction","target":{"@type":"EntryPoint","urlTemplate":"https:\/\/guidingstarwakotacenter.org\/es\/?s={search_term_string}"},"query-input":{"@type":"PropertyValueSpecification","valueRequired":true,"valueName":"search_term_string"}}],"inLanguage":"es"}]}},"_links":{"self":[{"href":"https:\/\/guidingstarwakotacenter.org\/es\/wp-json\/wp\/v2\/pages\/593","targetHints":{"allow":["GET"]}}],"collection":[{"href":"https:\/\/guidingstarwakotacenter.org\/es\/wp-json\/wp\/v2\/pages"}],"about":[{"href":"https:\/\/guidingstarwakotacenter.org\/es\/wp-json\/wp\/v2\/types\/page"}],"author":[{"embeddable":true,"href":"https:\/\/guidingstarwakotacenter.org\/es\/wp-json\/wp\/v2\/users\/1"}],"replies":[{"embeddable":true,"href":"https:\/\/guidingstarwakotacenter.org\/es\/wp-json\/wp\/v2\/comments?post=593"}],"version-history":[{"count":4,"href":"https:\/\/guidingstarwakotacenter.org\/es\/wp-json\/wp\/v2\/pages\/593\/revisions"}],"predecessor-version":[{"id":711,"href":"https:\/\/guidingstarwakotacenter.org\/es\/wp-json\/wp\/v2\/pages\/593\/revisions\/711"}],"up":[{"embeddable":true,"href":"https:\/\/guidingstarwakotacenter.org\/es\/wp-json\/wp\/v2\/pages\/628"}],"wp:attachment":[{"href":"https:\/\/guidingstarwakotacenter.org\/es\/wp-json\/wp\/v2\/media?parent=593"}],"curies":[{"name":"wp","href":"https:\/\/api.w.org\/{rel}","templated":true}]}}